{"id":19,"date":"2020-01-15T14:26:17","date_gmt":"2020-01-15T13:26:17","guid":{"rendered":"http:\/\/crosyarts.de\/andrea\/?page_id=19"},"modified":"2023-08-28T14:15:44","modified_gmt":"2023-08-28T12:15:44","slug":"impressum","status":"publish","type":"page","link":"https:\/\/www.xn--nhen-und-meer-bfb.de\/?page_id=19","title":{"rendered":"Impressum"},"content":{"rendered":"\n<h2 class=\"wp-block-heading\">Betreiber und Kontakt<\/h2>\n\n\n\n<p>Andrea Wienand<\/p>\n\n\n\n<p>Lohneufer 9&nbsp;<br>49356 Diepholz<\/p>\n\n\n\n<p><strong>Telefon:<\/strong> +49  15170086813<br><strong>Email:<\/strong> <a href=\"mailto:n\u00e4hen-und-meer.de\">kontakt@n\u00e4hen-und-meer.de<\/a><\/p>\n\n\n\n<div style=\"height:82px\" aria-hidden=\"true\" class=\"wp-block-spacer\"><\/div>\n\n\n\n<p><strong>Online-Streitbeilegung gem\u00e4\u00df Art. 14 Abs. 1 ODR-VO<\/strong><br>Die Europ\u00e4ische Kommission stellt eine Plattform zur Online-Streitbeilegung (OS) bereit, die Sie unter&nbsp;<a href=\"http:\/\/ec.europa.eu\/consumers\/odr\/\">http:\/\/ec.europa.eu\/consumers\/odr\/<\/a>&nbsp;finden.<\/p>\n","protected":false},"excerpt":{"rendered":"<p>Betreiber und Kontakt Andrea Wienand Lohneufer 9&nbsp;49356 Diepholz Telefon: +49 15170086813Email: kontakt@n\u00e4hen-und-meer.de Online-Streitbeilegung gem\u00e4\u00df Art. 14 Abs. 1 ODR-VODie Europ\u00e4ische Kommission stellt eine Plattform zur Online-Streitbeilegung (OS) bereit, die Sie unter&nbsp;http:\/\/ec.europa.eu\/consumers\/odr\/&nbsp;finden.<\/p>\n","protected":false},"author":1,"featured_media":0,"parent":0,"menu_order":0,"comment_status":"closed","ping_status":"closed","template":"","meta":{"footnotes":""},"class_list":["post-19","page","type-page","status-publish","hentry"],"_links":{"self":[{"href":"https:\/\/www.xn--nhen-und-meer-bfb.de\/index.php?rest_route=\/wp\/v2\/pages\/19","targetHints":{"allow":["GET"]}}],"collection":[{"href":"https:\/\/www.xn--nhen-und-meer-bfb.de\/index.php?rest_route=\/wp\/v2\/pages"}],"about":[{"href":"https:\/\/www.xn--nhen-und-meer-bfb.de\/index.php?rest_route=\/wp\/v2\/types\/page"}],"author":[{"embeddable":true,"href":"https:\/\/www.xn--nhen-und-meer-bfb.de\/index.php?rest_route=\/wp\/v2\/users\/1"}],"replies":[{"embeddable":true,"href":"https:\/\/www.xn--nhen-und-meer-bfb.de\/index.php?rest_route=%2Fwp%2Fv2%2Fcomments&post=19"}],"version-history":[{"count":1,"href":"https:\/\/www.xn--nhen-und-meer-bfb.de\/index.php?rest_route=\/wp\/v2\/pages\/19\/revisions"}],"predecessor-version":[{"id":935,"href":"https:\/\/www.xn--nhen-und-meer-bfb.de\/index.php?rest_route=\/wp\/v2\/pages\/19\/revisions\/935"}],"wp:attachment":[{"href":"https:\/\/www.xn--nhen-und-meer-bfb.de\/index.php?rest_route=%2Fwp%2Fv2%2Fmedia&parent=19"}],"curies":[{"name":"wp","href":"https:\/\/api.w.org\/{rel}","templated":true}]}}