{"id":25,"date":"2020-01-15T14:41:26","date_gmt":"2020-01-15T13:41:26","guid":{"rendered":"http:\/\/crosyarts.de\/andrea\/?page_id=25"},"modified":"2022-11-06T22:03:11","modified_gmt":"2022-11-06T21:03:11","slug":"kontakt","status":"publish","type":"page","link":"https:\/\/www.xn--nhen-und-meer-bfb.de\/?page_id=25","title":{"rendered":"Kontakt"},"content":{"rendered":"\n<h2 class=\"wp-block-heading\">So k\u00f6nnen Sie mich erreichen<\/h2>\n\n\n\n<div style=\"height:40px\" aria-hidden=\"true\" class=\"wp-block-spacer\"><\/div>\n\n\n\n<p>Andrea Wienand<\/p>\n\n\n\n<p>Bahnhofstra\u00dfe 29<\/p>\n\n\n\n<p>49356 Diepholz <\/p>\n\n\n\n<div style=\"height:25px\" aria-hidden=\"true\" class=\"wp-block-spacer\"><\/div>\n\n\n\n<h2 class=\"wp-block-heading\">\u00d6ffnungszeiten<\/h2>\n\n\n\n<p>Montag bis Freitag              15.00 Uhr &#8211; 18.00 Uhr <\/p>\n\n\n\n<p>N\u00e4htermine k\u00f6nnen Vormittags und Samstags mit mir abgesprochen werden.<\/p>\n\n\n\n<p><\/p>\n\n\n\n<div style=\"height:100px\" aria-hidden=\"true\" class=\"wp-block-spacer\"><\/div>\n\n\n\n<p><strong>Mail:<\/strong> <a href=\"https:\/\/www.xn--nhen-und-meer-bfb.de\/?page_id=808\" data-type=\"page\" data-id=\"808\">kontakt@n\u00e4hen-und-meer.de<\/a><\/p>\n\n\n\n<p><strong>Telefon:<\/strong> +49  15170086813<\/p>\n\n\n\n<div style=\"height:37px\" aria-hidden=\"true\" class=\"wp-block-spacer\"><\/div>\n\n\n\n<h2 class=\"wp-block-heading\"><\/h2>\n","protected":false},"excerpt":{"rendered":"<p>So k\u00f6nnen Sie mich erreichen Andrea Wienand Bahnhofstra\u00dfe 29 49356 Diepholz \u00d6ffnungszeiten Montag bis Freitag 15.00 Uhr &#8211; 18.00 Uhr N\u00e4htermine k\u00f6nnen Vormittags und Samstags mit mir abgesprochen werden. Mail: kontakt@n\u00e4hen-und-meer.de Telefon: +49 15170086813<\/p>\n","protected":false},"author":1,"featured_media":0,"parent":0,"menu_order":0,"comment_status":"closed","ping_status":"closed","template":"","meta":{"footnotes":""},"class_list":["post-25","page","type-page","status-publish","hentry"],"_links":{"self":[{"href":"https:\/\/www.xn--nhen-und-meer-bfb.de\/index.php?rest_route=\/wp\/v2\/pages\/25","targetHints":{"allow":["GET"]}}],"collection":[{"href":"https:\/\/www.xn--nhen-und-meer-bfb.de\/index.php?rest_route=\/wp\/v2\/pages"}],"about":[{"href":"https:\/\/www.xn--nhen-und-meer-bfb.de\/index.php?rest_route=\/wp\/v2\/types\/page"}],"author":[{"embeddable":true,"href":"https:\/\/www.xn--nhen-und-meer-bfb.de\/index.php?rest_route=\/wp\/v2\/users\/1"}],"replies":[{"embeddable":true,"href":"https:\/\/www.xn--nhen-und-meer-bfb.de\/index.php?rest_route=%2Fwp%2Fv2%2Fcomments&post=25"}],"version-history":[{"count":10,"href":"https:\/\/www.xn--nhen-und-meer-bfb.de\/index.php?rest_route=\/wp\/v2\/pages\/25\/revisions"}],"predecessor-version":[{"id":847,"href":"https:\/\/www.xn--nhen-und-meer-bfb.de\/index.php?rest_route=\/wp\/v2\/pages\/25\/revisions\/847"}],"wp:attachment":[{"href":"https:\/\/www.xn--nhen-und-meer-bfb.de\/index.php?rest_route=%2Fwp%2Fv2%2Fmedia&parent=25"}],"curies":[{"name":"wp","href":"https:\/\/api.w.org\/{rel}","templated":true}]}}